{"id":189,"date":"2020-01-31T16:28:19","date_gmt":"2020-01-31T13:28:19","guid":{"rendered":"http:\/\/we-events.com.tr\/?page_id=189"},"modified":"2020-01-31T16:29:40","modified_gmt":"2020-01-31T13:29:40","slug":"video-gallery","status":"publish","type":"page","link":"https:\/\/we-events.com.tr\/en\/video-gallery\/","title":{"rendered":"Video Gallery"},"content":{"rendered":"<h2>Video Gallery<\/h2>\n<section id=\"origincode_videogallery_content_2\" class=\"gallery-video-content\"\n         data-gallery-video-id=\"2\"\n         data-gallery-video-perpage=\"3\">\n    <div id=\"origincode_videogallery_container_2\"\n         class=\"origincode_videogallery_container super-list variable-sizes clearfix view-lightbox-gallery\"\n         data-show-center=\"off\">\n        <div id=\"origincode_videogallery_container_moving_2\"\n             class=\"super-list variable-sizes clearfix\">\n            <input type=\"hidden\" class=\"pagenum\" value=\"1\"\/>\n            <input type=\"hidden\" id=\"total\" value=\"3\"\/>\n                            <div data-id=\"19\"\n                     class=\"video-element_2 video-element\" tabindex=\"0\"\n                     data-symbol=\"G\u00fcvenli Etkinlik Paketi \"\n                     data-category=\"alkaline-earth\">\n                    <div class=\"image-block_2\">\n                                                    <a class=\"vyoutube origincode_videogallery_item group2\"\n                               href=\"\/\/www.youtube.com\/embed\/gzAt4UPand4\"\n                               title=\"G\u00fcvenli Etkinlik Paketi \"\n                               data-description=\"\"\n                               data-id=\"19\">\n                                <img decoding=\"async\" src=\"\/\/img.youtube.com\/vi\/gzAt4UPand4\/mqdefault.jpg\"\n                                     alt=\"G\u00fcvenli Etkinlik Paketi \"\/>\n                                <div class=\"play-icon http:\/\/youtube-icon\"><\/div>\n                            <\/a>\n                                                <\/div>\n                                            <div class=\"title-block_2\">\n                                                    G\u00fcvenli Etkinlik Paketi                                                 <\/div>\n                                    <\/div>\n                                <div data-id=\"10\"\n                     class=\"video-element_2 video-element\" tabindex=\"0\"\n                     data-symbol=\"We-Events \u0130maj \u00c7al\u0131\u015fmas\u0131\"\n                     data-category=\"alkaline-earth\">\n                    <div class=\"image-block_2\">\n                                                    <a class=\"vyoutube origincode_videogallery_item group2\"\n                               href=\"\/\/www.youtube.com\/embed\/5Vm7LPrGy7M\"\n                               title=\"We-Events \u0130maj \u00c7al\u0131\u015fmas\u0131\"\n                               data-description=\"Sizin i\u00e7in neler yapabiliriz, bir g\u00f6z atal\u0131m.\"\n                               data-id=\"10\">\n                                <img decoding=\"async\" src=\"\/\/img.youtube.com\/vi\/5Vm7LPrGy7M\/mqdefault.jpg\"\n                                     alt=\"We-Events \u0130maj \u00c7al\u0131\u015fmas\u0131\"\/>\n                                <div class=\"play-icon http:\/\/youtube-icon\"><\/div>\n                            <\/a>\n                                                <\/div>\n                                            <div class=\"title-block_2\">\n                                                    We-Events \u0130maj \u00c7al\u0131\u015fmas\u0131                                                <\/div>\n                                    <\/div>\n                                <div data-id=\"16\"\n                     class=\"video-element_2 video-element\" tabindex=\"0\"\n                     data-symbol=\"T\u00dcRK\u0130YE PETROLLER\u0130\"\n                     data-category=\"alkaline-earth\">\n                    <div class=\"image-block_2\">\n                                                    <a class=\"vyoutube origincode_videogallery_item group2\"\n                               href=\"\/\/www.youtube.com\/embed\/apfcXGEkFk4\"\n                               title=\"T\u00dcRK\u0130YE PETROLLER\u0130\"\n                               data-description=\"\"\n                               data-id=\"16\">\n                                <img decoding=\"async\" src=\"\/\/img.youtube.com\/vi\/apfcXGEkFk4\/mqdefault.jpg\"\n                                     alt=\"T\u00dcRK\u0130YE PETROLLER\u0130\"\/>\n                                <div class=\"play-icon http:\/\/youtube-icon\"><\/div>\n                            <\/a>\n                                                <\/div>\n                                            <div class=\"title-block_2\">\n                                                    T\u00dcRK\u0130YE PETROLLER\u0130                                                <\/div>\n                                    <\/div>\n                                <div data-id=\"14\"\n                     class=\"video-element_2 video-element\" tabindex=\"0\"\n                     data-symbol=\"TRT WORLD FORUM\"\n                     data-category=\"alkaline-earth\">\n                    <div class=\"image-block_2\">\n                                                    <a class=\"vyoutube origincode_videogallery_item group2\"\n                               href=\"\/\/www.youtube.com\/embed\/3mjRI5n6IRU\"\n                               title=\"TRT WORLD FORUM\"\n                               data-description=\"\"\n                               data-id=\"14\">\n                                <img decoding=\"async\" src=\"\/\/img.youtube.com\/vi\/3mjRI5n6IRU\/mqdefault.jpg\"\n                                     alt=\"TRT WORLD FORUM\"\/>\n                                <div class=\"play-icon http:\/\/youtube-icon\"><\/div>\n                            <\/a>\n                                                <\/div>\n                                            <div class=\"title-block_2\">\n                                                    TRT WORLD FORUM                                                <\/div>\n                                    <\/div>\n                                <div data-id=\"13\"\n                     class=\"video-element_2 video-element\" tabindex=\"0\"\n                     data-symbol=\"UNDER ARMOUR KENT PARK\"\n                     data-category=\"alkaline-earth\">\n                    <div class=\"image-block_2\">\n                                                    <a class=\"vyoutube origincode_videogallery_item group2\"\n                               href=\"\/\/www.youtube.com\/embed\/t5S0Vyoc8-E\"\n                               title=\"UNDER ARMOUR KENT PARK\"\n                               data-description=\"\"\n                               data-id=\"13\">\n                                <img decoding=\"async\" src=\"\/\/img.youtube.com\/vi\/t5S0Vyoc8-E\/mqdefault.jpg\"\n                                     alt=\"UNDER ARMOUR KENT PARK\"\/>\n                                <div class=\"play-icon http:\/\/youtube-icon\"><\/div>\n                            <\/a>\n                                                <\/div>\n                                            <div class=\"title-block_2\">\n                                                    UNDER ARMOUR KENT PARK                                                <\/div>\n                                    <\/div>\n                                <div data-id=\"12\"\n                     class=\"video-element_2 video-element\" tabindex=\"0\"\n                     data-symbol=\"PERR\u0130GO CYCLE MEETING\"\n                     data-category=\"alkaline-earth\">\n                    <div class=\"image-block_2\">\n                                                    <a class=\"vyoutube origincode_videogallery_item group2\"\n                               href=\"\/\/www.youtube.com\/embed\/xO278sZFUtY\"\n                               title=\"PERR\u0130GO CYCLE MEETING\"\n                               data-description=\"\"\n                               data-id=\"12\">\n                                <img decoding=\"async\" src=\"\/\/img.youtube.com\/vi\/xO278sZFUtY\/mqdefault.jpg\"\n                                     alt=\"PERR\u0130GO CYCLE MEETING\"\/>\n                                <div class=\"play-icon http:\/\/youtube-icon\"><\/div>\n                            <\/a>\n                                                <\/div>\n                                            <div class=\"title-block_2\">\n                                                    PERR\u0130GO CYCLE MEETING                                                <\/div>\n                                    <\/div>\n                                <div data-id=\"11\"\n                     class=\"video-element_2 video-element\" tabindex=\"0\"\n                     data-symbol=\"TRT WORLD CITIZEN AWARDS\"\n                     data-category=\"alkaline-earth\">\n                    <div class=\"image-block_2\">\n                                                    <a class=\"vyoutube origincode_videogallery_item group2\"\n                               href=\"\/\/www.youtube.com\/embed\/vYcOpzQSt88\"\n                               title=\"TRT WORLD CITIZEN AWARDS\"\n                               data-description=\"TRT World Citizen Awards Ceremony\r\n\r\n#tb #work #events #congress #turkiye #toplant\u0131 #meeting #citizenshipawards #trt #organizasyon\r\n\"\n                               data-id=\"11\">\n                                <img decoding=\"async\" src=\"\/\/img.youtube.com\/vi\/vYcOpzQSt88\/mqdefault.jpg\"\n                                     alt=\"TRT WORLD CITIZEN AWARDS\"\/>\n                                <div class=\"play-icon http:\/\/youtube-icon\"><\/div>\n                            <\/a>\n                                                <\/div>\n                                            <div class=\"title-block_2\">\n                                                    TRT WORLD CITIZEN AWARDS                                                <\/div>\n                                    <\/div>\n                                <div data-id=\"9\"\n                     class=\"video-element_2 video-element\" tabindex=\"0\"\n                     data-symbol=\"FOX ile yaz&#039; a merhaba!\"\n                     data-category=\"alkaline-earth\">\n                    <div class=\"image-block_2\">\n                                                    <a class=\"vyoutube origincode_videogallery_item group2\"\n                               href=\"\/\/www.youtube.com\/embed\/cGpUq4BzdPQ\"\n                               title=\"FOX ile yaz&#039; a merhaba!\"\n                               data-description=\"Fox Tv Yaz&#039; a merhaba.\"\n                               data-id=\"9\">\n                                <img decoding=\"async\" src=\"\/\/img.youtube.com\/vi\/cGpUq4BzdPQ\/mqdefault.jpg\"\n                                     alt=\"FOX ile yaz&#039; a merhaba!\"\/>\n                                <div class=\"play-icon http:\/\/youtube-icon\"><\/div>\n                            <\/a>\n                                                <\/div>\n                                            <div class=\"title-block_2\">\n                                                    FOX ile yaz&#039; a merhaba!                                                <\/div>\n                                    <\/div>\n                        <\/div>\n    <\/div>\n\n    <\/section>\n<style>\n\n.video-element_2 {\n    width: 100%;\n    max-width:275px;\n    margin:0 0 10px 0;\n    border:0px solid #EEEEEE;\n    border-radius:3px;\n    outline:none;\n    overflow:hidden;\n    box-sizing: content-box;\n}\n\n.video-element_2 .image-block_2 {\n    position:relative;\n    width: 100%;\n    max-width:275px;\n}\n\n.video-element_2 .image-block_2 a {display:block;box-shadow: none !important;}\n\n.video-element_2 .image-block_2 img {\n    width:275px !important;\n    height:auto;\n    display:block;\n    border-radius: 0 !important;\n    box-shadow: 0 0 0 rgba(0, 0, 0, 0) !important;\n}\n\n.video-element_2 .image-block_2 img:hover {\n    cursor: -webkit-zoom-in; cursor: -moz-zoom-in;\n}\n\n.video-element_2 .image-block_2 .play-icon {\n    position:absolute;\n    top:0;\n    left:0;\n    width:100%;\n    height:100%;\n    cursor: -webkit-zoom-in;\n    cursor: -moz-zoom-in;\n}\n\n.video-element_2 .image-block_2  .play-icon.youtube-icon {background:url(https:\/\/we-events.com.tr\/wp-content\/plugins\/smart-grid-gallery\/assets\/images\/admin_images\/play.youtube.png) center center no-repeat;}\n\n.video-element_2 .image-block_2  .play-icon.vimeo-icon {background:url(https:\/\/we-events.com.tr\/wp-content\/plugins\/smart-grid-gallery\/assets\/images\/admin_images\/play.vimeo.png) center center no-repeat;}\n\n\n.video-element_2 .title-block_2 {\n    position:absolute;\n    text-overflow: ellipsis;\n    overflow: hidden;\n    left:0;\n    width:100%;\n    height:30px;\n    bottom:-35px;\n    color:#C02121;\n    background: rgba(0,0,0,0.8)  !important;\n    -webkit-transition: bottom 0.3s ease-out 0.1s;\n    -moz-transition: bottom 0.3s ease-out 0.1s;\n    -o-transition: bottom 0.3s ease-out 0.1s;\n    transition: bottom 0.3s ease-out 0.1s;\n}\n.entry-content a{\n    border-bottom: 0;\n}\n.video-element_2:hover .title-block_2 {bottom:0;}\n\n.video-element_2 .title-block_2 a, .video-element_2 .title-block_2 a:link, .video-element_2 .title-block_2 a:visited {\n    position:relative;\n    margin:0;\n    padding:0 1% 0 2%;\n    width:97%;\n    text-decoration:none;\n    text-overflow: ellipsis;\n    overflow: hidden;\n    white-space:nowrap;\n    z-index:20;\n    font-size: 16px;\n    color:#C02121;\n    font-weight:normal;\n    box-shadow: none !important;\n}\n\n.video-element_2 .title-block_2 a:hover, .video-element_2 .title-block_2 a:focus, .video-element_2 .title-block_2 a:active {\n    color:#FF2C2C;\n    text-decoration:none;\n}\n\n.load_more4 {\n    margin: 10px 0;\n    position:relative;\n    text-align:center;\n    width:100%;\n}\n\n.load_more_button4 {\n    border-radius: 10px;\n    display:inline-block;\n    padding:5px 15px;\n    font-size:16px !important;;\n    color:#FF0D0D !important;;\n    background:#5CADFF !important;\n    cursor:pointer;\n\n}\n.load_more_button4:hover{\n    color:#FF4040 !important;\n    background:#99C5FF !important;\n}\n\n.loading4 {\n    display:none;\n}\n.paginate4{\n    font-size:19px !important;\n    color:#FF2C2C !important;\n    text-align: center;\n    margin-top: 25px;\n}\n.paginate4 a{\n    border-bottom: none !important;\n    box-shadow: none !important;\n}\n.icon-style4{\n    font-size: 21px !important;\n    color:#B82020 !important;\n}\n.clear{\n    clear:both;\n}\n<\/style>\n","protected":false},"excerpt":{"rendered":"<p>Video Gallery<\/p>\n","protected":false},"author":1,"featured_media":0,"parent":0,"menu_order":0,"comment_status":"closed","ping_status":"closed","template":"","meta":{"_acf_changed":false,"footnotes":""},"class_list":["post-189","page","type-page","status-publish","hentry"],"acf":[],"yoast_head":"<!-- This site is optimized with the Yoast SEO plugin v27.2 - https:\/\/yoast.com\/product\/yoast-seo-wordpress\/ -->\n<title>Video Gallery - We Events<\/title>\n<meta name=\"robots\" content=\"index, follow, max-snippet:-1, max-image-preview:large, max-video-preview:-1\" \/>\n<link rel=\"canonical\" href=\"https:\/\/we-events.com.tr\/en\/video-gallery\/\" \/>\n<meta property=\"og:locale\" content=\"en_US\" \/>\n<meta property=\"og:type\" content=\"article\" \/>\n<meta property=\"og:title\" content=\"Video Gallery - We Events\" \/>\n<meta property=\"og:description\" content=\"Video Gallery\" \/>\n<meta property=\"og:url\" content=\"https:\/\/we-events.com.tr\/en\/video-gallery\/\" \/>\n<meta property=\"og:site_name\" content=\"We Events\" \/>\n<meta property=\"article:modified_time\" content=\"2020-01-31T13:29:40+00:00\" \/>\n<meta name=\"twitter:card\" content=\"summary_large_image\" \/>\n<script type=\"application\/ld+json\" class=\"yoast-schema-graph\">{\"@context\":\"https:\/\/schema.org\",\"@graph\":[{\"@type\":\"WebPage\",\"@id\":\"https:\/\/we-events.com.tr\/en\/video-gallery\/\",\"url\":\"https:\/\/we-events.com.tr\/en\/video-gallery\/\",\"name\":\"Video Gallery - We Events\",\"isPartOf\":{\"@id\":\"https:\/\/we-events.com.tr\/#website\"},\"datePublished\":\"2020-01-31T13:28:19+00:00\",\"dateModified\":\"2020-01-31T13:29:40+00:00\",\"breadcrumb\":{\"@id\":\"https:\/\/we-events.com.tr\/en\/video-gallery\/#breadcrumb\"},\"inLanguage\":\"en-US\",\"potentialAction\":[{\"@type\":\"ReadAction\",\"target\":[\"https:\/\/we-events.com.tr\/en\/video-gallery\/\"]}]},{\"@type\":\"BreadcrumbList\",\"@id\":\"https:\/\/we-events.com.tr\/en\/video-gallery\/#breadcrumb\",\"itemListElement\":[{\"@type\":\"ListItem\",\"position\":1,\"name\":\"Ana sayfa\",\"item\":\"https:\/\/we-events.com.tr\/en\/\"},{\"@type\":\"ListItem\",\"position\":2,\"name\":\"Video Gallery\"}]},{\"@type\":\"WebSite\",\"@id\":\"https:\/\/we-events.com.tr\/#website\",\"url\":\"https:\/\/we-events.com.tr\/\",\"name\":\"We Events\",\"description\":\"We Event Etkinlik Organizasyon\",\"potentialAction\":[{\"@type\":\"SearchAction\",\"target\":{\"@type\":\"EntryPoint\",\"urlTemplate\":\"https:\/\/we-events.com.tr\/?s={search_term_string}\"},\"query-input\":{\"@type\":\"PropertyValueSpecification\",\"valueRequired\":true,\"valueName\":\"search_term_string\"}}],\"inLanguage\":\"en-US\"}]}<\/script>\n<!-- \/ Yoast SEO plugin. -->","yoast_head_json":{"title":"Video Gallery - We Events","robots":{"index":"index","follow":"follow","max-snippet":"max-snippet:-1","max-image-preview":"max-image-preview:large","max-video-preview":"max-video-preview:-1"},"canonical":"https:\/\/we-events.com.tr\/en\/video-gallery\/","og_locale":"en_US","og_type":"article","og_title":"Video Gallery - We Events","og_description":"Video Gallery","og_url":"https:\/\/we-events.com.tr\/en\/video-gallery\/","og_site_name":"We Events","article_modified_time":"2020-01-31T13:29:40+00:00","twitter_card":"summary_large_image","schema":{"@context":"https:\/\/schema.org","@graph":[{"@type":"WebPage","@id":"https:\/\/we-events.com.tr\/en\/video-gallery\/","url":"https:\/\/we-events.com.tr\/en\/video-gallery\/","name":"Video Gallery - We Events","isPartOf":{"@id":"https:\/\/we-events.com.tr\/#website"},"datePublished":"2020-01-31T13:28:19+00:00","dateModified":"2020-01-31T13:29:40+00:00","breadcrumb":{"@id":"https:\/\/we-events.com.tr\/en\/video-gallery\/#breadcrumb"},"inLanguage":"en-US","potentialAction":[{"@type":"ReadAction","target":["https:\/\/we-events.com.tr\/en\/video-gallery\/"]}]},{"@type":"BreadcrumbList","@id":"https:\/\/we-events.com.tr\/en\/video-gallery\/#breadcrumb","itemListElement":[{"@type":"ListItem","position":1,"name":"Ana sayfa","item":"https:\/\/we-events.com.tr\/en\/"},{"@type":"ListItem","position":2,"name":"Video Gallery"}]},{"@type":"WebSite","@id":"https:\/\/we-events.com.tr\/#website","url":"https:\/\/we-events.com.tr\/","name":"We Events","description":"We Event Etkinlik Organizasyon","potentialAction":[{"@type":"SearchAction","target":{"@type":"EntryPoint","urlTemplate":"https:\/\/we-events.com.tr\/?s={search_term_string}"},"query-input":{"@type":"PropertyValueSpecification","valueRequired":true,"valueName":"search_term_string"}}],"inLanguage":"en-US"}]}},"_links":{"self":[{"href":"https:\/\/we-events.com.tr\/en\/wp-json\/wp\/v2\/pages\/189","targetHints":{"allow":["GET"]}}],"collection":[{"href":"https:\/\/we-events.com.tr\/en\/wp-json\/wp\/v2\/pages"}],"about":[{"href":"https:\/\/we-events.com.tr\/en\/wp-json\/wp\/v2\/types\/page"}],"author":[{"embeddable":true,"href":"https:\/\/we-events.com.tr\/en\/wp-json\/wp\/v2\/users\/1"}],"replies":[{"embeddable":true,"href":"https:\/\/we-events.com.tr\/en\/wp-json\/wp\/v2\/comments?post=189"}],"version-history":[{"count":3,"href":"https:\/\/we-events.com.tr\/en\/wp-json\/wp\/v2\/pages\/189\/revisions"}],"predecessor-version":[{"id":196,"href":"https:\/\/we-events.com.tr\/en\/wp-json\/wp\/v2\/pages\/189\/revisions\/196"}],"wp:attachment":[{"href":"https:\/\/we-events.com.tr\/en\/wp-json\/wp\/v2\/media?parent=189"}],"curies":[{"name":"wp","href":"https:\/\/api.w.org\/{rel}","templated":true}]}}